{"id":867,"date":"2021-12-03T22:33:13","date_gmt":"2021-12-03T21:33:13","guid":{"rendered":"https:\/\/mathew.timwir.eu\/?page_id=867"},"modified":"2025-09-29T11:59:56","modified_gmt":"2025-09-29T09:59:56","slug":"ueber-uns","status":"publish","type":"page","link":"https:\/\/www.mathewpraxis.com\/en\/ueber-uns\/","title":{"rendered":"About"},"content":{"rendered":"<div data-elementor-type=\"wp-page\" data-elementor-id=\"867\" class=\"elementor elementor-867\" data-elementor-post-type=\"page\">\n\t\t\t\t\t\t<section class=\"elementor-section elementor-top-section elementor-element elementor-element-b8f85d2 elementor-section-boxed elementor-section-height-default elementor-section-height-default\" data-id=\"b8f85d2\" data-element_type=\"section\" data-e-type=\"section\">\n\t\t\t\t\t\t<div class=\"elementor-container elementor-column-gap-default\">\n\t\t\t\t\t<div class=\"elementor-column elementor-col-100 elementor-top-column elementor-element elementor-element-ff99eb8\" data-id=\"ff99eb8\" data-element_type=\"column\" data-e-type=\"column\">\n\t\t\t<div class=\"elementor-widget-wrap elementor-element-populated\">\n\t\t\t\t\t\t<div class=\"elementor-element elementor-element-c5b0add elementor-widget elementor-widget-heading\" data-id=\"c5b0add\" data-element_type=\"widget\" data-e-type=\"widget\" data-widget_type=\"heading.default\">\n\t\t\t\t\t<h1 class=\"elementor-heading-title elementor-size-large\">Your Health in Experienced Hands\n<\/h1>\t\t\t\t<\/div>\n\t\t\t\t<div class=\"elementor-element elementor-element-4c81159 elementor-widget elementor-widget-spacer\" data-id=\"4c81159\" data-element_type=\"widget\" data-e-type=\"widget\" data-widget_type=\"spacer.default\">\n\t\t\t\t\t\t\t<div class=\"elementor-spacer\">\n\t\t\t<div class=\"elementor-spacer-inner\"><\/div>\n\t\t<\/div>\n\t\t\t\t\t\t<\/div>\n\t\t\t\t\t<\/div>\n\t\t<\/div>\n\t\t\t\t\t<\/div>\n\t\t<\/section>\n\t\t\t\t<section class=\"elementor-section elementor-top-section elementor-element elementor-element-6c9052e elementor-section-boxed elementor-section-height-default elementor-section-height-default\" data-id=\"6c9052e\" data-element_type=\"section\" data-e-type=\"section\">\n\t\t\t\t\t\t<div class=\"elementor-container elementor-column-gap-default\">\n\t\t\t\t\t<div class=\"elementor-column elementor-col-50 elementor-top-column elementor-element elementor-element-ccd9bcd\" data-id=\"ccd9bcd\" data-element_type=\"column\" data-e-type=\"column\">\n\t\t\t<div class=\"elementor-widget-wrap elementor-element-populated\">\n\t\t\t\t\t\t<div class=\"elementor-element elementor-element-44648fe elementor-invisible elementor-widget elementor-widget-image\" data-id=\"44648fe\" data-element_type=\"widget\" data-e-type=\"widget\" data-settings=\"{&quot;_animation&quot;:&quot;fadeInLeft&quot;}\" data-widget_type=\"image.default\">\n\t\t\t\t\t\t\t\t\t\t\t\t\t\t\t<img fetchpriority=\"high\" decoding=\"async\" width=\"1024\" height=\"686\" src=\"https:\/\/www.mathewpraxis.com\/wp-content\/uploads\/2025\/04\/DSC_5880-1024x686.jpg\" class=\"attachment-large size-large wp-image-2648\" alt=\"\" srcset=\"https:\/\/www.mathewpraxis.com\/wp-content\/uploads\/2025\/04\/DSC_5880-1024x686.jpg 1024w, https:\/\/www.mathewpraxis.com\/wp-content\/uploads\/2025\/04\/DSC_5880-300x201.jpg 300w, https:\/\/www.mathewpraxis.com\/wp-content\/uploads\/2025\/04\/DSC_5880-768x515.jpg 768w, https:\/\/www.mathewpraxis.com\/wp-content\/uploads\/2025\/04\/DSC_5880-1536x1030.jpg 1536w, https:\/\/www.mathewpraxis.com\/wp-content\/uploads\/2025\/04\/DSC_5880-18x12.jpg 18w, https:\/\/www.mathewpraxis.com\/wp-content\/uploads\/2025\/04\/DSC_5880.jpg 1920w\" sizes=\"(max-width: 1024px) 100vw, 1024px\" \/>\t\t\t\t\t\t\t\t\t\t\t\t\t\t\t<\/div>\n\t\t\t\t\t<\/div>\n\t\t<\/div>\n\t\t\t\t<div class=\"elementor-column elementor-col-50 elementor-top-column elementor-element elementor-element-fc163a5\" data-id=\"fc163a5\" data-element_type=\"column\" data-e-type=\"column\">\n\t\t\t<div class=\"elementor-widget-wrap elementor-element-populated\">\n\t\t\t\t\t\t<div class=\"elementor-element elementor-element-33dfbf7 elementor-widget elementor-widget-text-editor\" data-id=\"33dfbf7\" data-element_type=\"widget\" data-e-type=\"widget\" data-widget_type=\"text-editor.default\">\n\t\t\t\t\t\t\t\t\t<p><strong>Dr. Sebastian Mathew<\/strong><\/p><p>Specialist in General and Visceral Surgery, Ayurvedic Physician<\/p><p>Born in India, married, father of three children, decades of surgical experience.<\/p><p><strong>Qualifications:<\/strong><\/p><ul><li>Acupuncture<\/li><li>Neural Therapy<\/li><li>Manual Therapy<\/li><li>Vascular Diseases<\/li><\/ul><p><strong>Publications:<\/strong><\/p><ul><li>Ghee \u2013 The Gold of Ayurvedic Medicine, \u00c4rztehaus Verlag, 2008<\/li><li>Ayurvedic Medicine, \u00c4rztehaus Verlag, 2010<\/li><li>Nanomedicine and Drug Delivery, Apple Academic Press, 2012, ISBN 978-1-926895-17-8<\/li><li>Nanomedicine and Cancer Therapies, Apple Academic Press, 2012, ISBN 978-1-926895-18-5<\/li><\/ul>\t\t\t\t\t\t\t\t<\/div>\n\t\t\t\t\t<\/div>\n\t\t<\/div>\n\t\t\t\t\t<\/div>\n\t\t<\/section>\n\t\t\t\t<section class=\"elementor-section elementor-top-section elementor-element elementor-element-36d6308 elementor-reverse-mobile elementor-section-boxed elementor-section-height-default elementor-section-height-default\" data-id=\"36d6308\" data-element_type=\"section\" data-e-type=\"section\">\n\t\t\t\t\t\t<div class=\"elementor-container elementor-column-gap-default\">\n\t\t\t\t\t<div class=\"elementor-column elementor-col-50 elementor-top-column elementor-element elementor-element-3486669\" data-id=\"3486669\" data-element_type=\"column\" data-e-type=\"column\">\n\t\t\t<div class=\"elementor-widget-wrap elementor-element-populated\">\n\t\t\t\t\t\t<div class=\"elementor-element elementor-element-d625928 elementor-widget elementor-widget-text-editor\" data-id=\"d625928\" data-element_type=\"widget\" data-e-type=\"widget\" data-widget_type=\"text-editor.default\">\n\t\t\t\t\t\t\t\t\t<p><strong>Dr. Gisela Gragger (born Mathew)<\/strong><\/p><p>Specialist in general medicine and family medicine<\/p><p>Surgery\u2014especially phlebology and proctology\u2014has been a part of my life for decades, shaped by strong family ties to the field.<\/p><p><strong>Career:<\/strong><\/p><ul><li>Since 2004: Surgical assistant at the Vein Clinic of Dr. Mathew<\/li><li>July 2007: Doctorate in General Medicine, Medical University of Graz<\/li><li>2007\u20132011: Training in General Medicine<\/li><li>Since May 1, 2011: Licensed General Practitioner<\/li><li>November 2011 \u2013 December 2019: Physician and psychotherapist at the Rehabilitation Clinic for Mental Health in Klagenfurt\u00a0<\/li><li>Since September 2019: Also serving as a school physician in Klagenfurt<\/li><\/ul><p><strong>Diplomas &amp; Additional Qualifications:<\/strong><\/p><ul><li>Emergency Medicine Diploma<\/li><li>Austrian Medical Chamber (\u00d6\u00c4K) Diplomas in:<ul><li>Psychotherapeutic Medicine<\/li><li>Psychosomatic Medicine<\/li><li>Psychosocial Medicine<\/li><li>Specialized Pain Therapy<\/li><li>Nutritional Medicine<\/li><li>Substitution Therapy<\/li><\/ul><\/li><li>Current \u00d6\u00c4K Continuing Education Diploma<\/li><li>Diploma in Ayurvedic Medicine<\/li><\/ul>\t\t\t\t\t\t\t\t<\/div>\n\t\t\t\t\t<\/div>\n\t\t<\/div>\n\t\t\t\t<div class=\"elementor-column elementor-col-50 elementor-top-column elementor-element elementor-element-d512258\" data-id=\"d512258\" data-element_type=\"column\" data-e-type=\"column\">\n\t\t\t<div class=\"elementor-widget-wrap elementor-element-populated\">\n\t\t\t\t\t\t<div class=\"elementor-element elementor-element-aa95ec8 elementor-invisible elementor-widget elementor-widget-image\" data-id=\"aa95ec8\" data-element_type=\"widget\" data-e-type=\"widget\" data-settings=\"{&quot;_animation&quot;:&quot;fadeInRight&quot;}\" data-widget_type=\"image.default\">\n\t\t\t\t\t\t\t\t\t\t\t\t\t\t\t<img decoding=\"async\" src=\"https:\/\/www.mathewpraxis.com\/wp-content\/uploads\/elementor\/thumbs\/DSC_5561-r4qbo9e15k9qeqav4n752u3deo0fwf9glytu0fyby8.jpg\" title=\"\" alt=\"\" loading=\"lazy\" \/>\t\t\t\t\t\t\t\t\t\t\t\t\t\t\t<\/div>\n\t\t\t\t\t<\/div>\n\t\t<\/div>\n\t\t\t\t\t<\/div>\n\t\t<\/section>\n\t\t\t\t<\/div>","protected":false},"excerpt":{"rendered":"<p>Ihre Gesundheit in erfahrenen H\u00e4nden Dr. Sebastian Mathew Facharzt f\u00fcr Allgemein- und Viszeralchirurgie, Ayurveda-Arzt. Geboren in Indien, verheiratet, 3 Kinder. Bietet jahrzehntelange Erfahrung. Diplome: Akupunktur Neuraltherapie Manualtherapie Gef\u00e4\u00dferkrankungen Buchver\u00f6ffentlichungen: \u201eGhee- das Gold der Ayurvedamedizin\u201c, \u00c4rztehaus Verlag 2008. \u201cAyurveda-Medizin\u201c, \u00c4rztehaus Verlag 2010. \u201cNanomedicine and Drug Delivery&#8220;, Apple Academic Press 2012, ISBN 978-1-926895-17-8. &#8222;Nanomedicine and Cancer Therapies&#8220;, [&hellip;]<\/p>\n","protected":false},"author":1,"featured_media":0,"parent":0,"menu_order":0,"comment_status":"closed","ping_status":"closed","template":"","meta":{"ocean_post_layout":"","ocean_both_sidebars_style":"","ocean_both_sidebars_content_width":0,"ocean_both_sidebars_sidebars_width":0,"ocean_sidebar":"0","ocean_second_sidebar":"0","ocean_disable_margins":"enable","ocean_add_body_class":"","ocean_shortcode_before_top_bar":"","ocean_shortcode_after_top_bar":"","ocean_shortcode_before_header":"","ocean_shortcode_after_header":"","ocean_has_shortcode":"","ocean_shortcode_after_title":"","ocean_shortcode_before_footer_widgets":"","ocean_shortcode_after_footer_widgets":"","ocean_shortcode_before_footer_bottom":"","ocean_shortcode_after_footer_bottom":"","ocean_display_top_bar":"default","ocean_display_header":"default","ocean_header_style":"","ocean_center_header_left_menu":"0","ocean_custom_header_template":"0","ocean_custom_logo":0,"ocean_custom_retina_logo":0,"ocean_custom_logo_max_width":0,"ocean_custom_logo_tablet_max_width":0,"ocean_custom_logo_mobile_max_width":0,"ocean_custom_logo_max_height":0,"ocean_custom_logo_tablet_max_height":0,"ocean_custom_logo_mobile_max_height":0,"ocean_header_custom_menu":"0","ocean_menu_typo_font_family":"0","ocean_menu_typo_font_subset":"","ocean_menu_typo_font_size":0,"ocean_menu_typo_font_size_tablet":0,"ocean_menu_typo_font_size_mobile":0,"ocean_menu_typo_font_size_unit":"px","ocean_menu_typo_font_weight":"","ocean_menu_typo_font_weight_tablet":"","ocean_menu_typo_font_weight_mobile":"","ocean_menu_typo_transform":"","ocean_menu_typo_transform_tablet":"","ocean_menu_typo_transform_mobile":"","ocean_menu_typo_line_height":0,"ocean_menu_typo_line_height_tablet":0,"ocean_menu_typo_line_height_mobile":0,"ocean_menu_typo_line_height_unit":"","ocean_menu_typo_spacing":0,"ocean_menu_typo_spacing_tablet":0,"ocean_menu_typo_spacing_mobile":0,"ocean_menu_typo_spacing_unit":"","ocean_menu_link_color":"","ocean_menu_link_color_hover":"","ocean_menu_link_color_active":"","ocean_menu_link_background":"","ocean_menu_link_hover_background":"","ocean_menu_link_active_background":"","ocean_menu_social_links_bg":"","ocean_menu_social_hover_links_bg":"","ocean_menu_social_links_color":"","ocean_menu_social_hover_links_color":"","ocean_disable_title":"default","ocean_disable_heading":"default","ocean_post_title":"","ocean_post_subheading":"","ocean_post_title_style":"","ocean_post_title_background_color":"","ocean_post_title_background":0,"ocean_post_title_bg_image_position":"","ocean_post_title_bg_image_attachment":"","ocean_post_title_bg_image_repeat":"","ocean_post_title_bg_image_size":"","ocean_post_title_height":0,"ocean_post_title_bg_overlay":0.5,"ocean_post_title_bg_overlay_color":"","ocean_disable_breadcrumbs":"default","ocean_breadcrumbs_color":"","ocean_breadcrumbs_separator_color":"","ocean_breadcrumbs_links_color":"","ocean_breadcrumbs_links_hover_color":"","ocean_display_footer_widgets":"default","ocean_display_footer_bottom":"default","ocean_custom_footer_template":"0","footnotes":""},"class_list":["post-867","page","type-page","status-publish","hentry","entry"],"_links":{"self":[{"href":"https:\/\/www.mathewpraxis.com\/en\/wp-json\/wp\/v2\/pages\/867","targetHints":{"allow":["GET"]}}],"collection":[{"href":"https:\/\/www.mathewpraxis.com\/en\/wp-json\/wp\/v2\/pages"}],"about":[{"href":"https:\/\/www.mathewpraxis.com\/en\/wp-json\/wp\/v2\/types\/page"}],"author":[{"embeddable":true,"href":"https:\/\/www.mathewpraxis.com\/en\/wp-json\/wp\/v2\/users\/1"}],"replies":[{"embeddable":true,"href":"https:\/\/www.mathewpraxis.com\/en\/wp-json\/wp\/v2\/comments?post=867"}],"version-history":[{"count":119,"href":"https:\/\/www.mathewpraxis.com\/en\/wp-json\/wp\/v2\/pages\/867\/revisions"}],"predecessor-version":[{"id":2952,"href":"https:\/\/www.mathewpraxis.com\/en\/wp-json\/wp\/v2\/pages\/867\/revisions\/2952"}],"wp:attachment":[{"href":"https:\/\/www.mathewpraxis.com\/en\/wp-json\/wp\/v2\/media?parent=867"}],"curies":[{"name":"wp","href":"https:\/\/api.w.org\/{rel}","templated":true}]}}