{"id":3024,"date":"2026-02-02T17:34:22","date_gmt":"2026-02-02T16:34:22","guid":{"rendered":"https:\/\/www.mathewpraxis.com\/?page_id=3024"},"modified":"2026-02-06T09:49:38","modified_gmt":"2026-02-06T08:49:38","slug":"haemorrhoiden","status":"publish","type":"page","link":"https:\/\/www.mathewpraxis.com\/en\/haemorrhoiden\/","title":{"rendered":"Hemorrhoids"},"content":{"rendered":"\t\t<div data-elementor-type=\"wp-page\" data-elementor-id=\"3024\" class=\"elementor elementor-3024\" data-elementor-post-type=\"page\">\n\t\t\t\t\t\t<section class=\"elementor-section elementor-top-section elementor-element elementor-element-4787660d elementor-section-full_width elementor-section-content-middle elementor-section-height-min-height elementor-section-height-default elementor-section-items-middle\" data-id=\"4787660d\" data-element_type=\"section\" data-e-type=\"section\" id=\"life\" data-settings=\"{&quot;background_background&quot;:&quot;classic&quot;}\">\n\t\t\t\t\t\t\t<div class=\"elementor-background-overlay\"><\/div>\n\t\t\t\t\t\t\t<div class=\"elementor-container elementor-column-gap-no\">\n\t\t\t\t\t<div class=\"elementor-column elementor-col-100 elementor-top-column elementor-element elementor-element-74e4442d\" data-id=\"74e4442d\" data-element_type=\"column\" data-e-type=\"column\" data-settings=\"{&quot;background_background&quot;:&quot;classic&quot;}\">\n\t\t\t<div class=\"elementor-widget-wrap elementor-element-populated\">\n\t\t\t\t\t\t<div class=\"elementor-element elementor-element-6dc18045 no-margin elementor-widget elementor-widget-heading\" data-id=\"6dc18045\" data-element_type=\"widget\" data-e-type=\"widget\" data-widget_type=\"heading.default\">\n\t\t\t\t\t<h1 class=\"elementor-heading-title elementor-size-default\">H\u00e4morrhoiden<\/h1>\t\t\t\t<\/div>\n\t\t\t\t\t<\/div>\n\t\t<\/div>\n\t\t\t\t\t<\/div>\n\t\t<\/section>\n\t\t\t\t<section class=\"elementor-section elementor-top-section elementor-element elementor-element-339b81c1 elementor-section-boxed elementor-section-height-default elementor-section-height-default\" data-id=\"339b81c1\" data-element_type=\"section\" data-e-type=\"section\" id=\"life\">\n\t\t\t\t\t\t<div class=\"elementor-container elementor-column-gap-no\">\n\t\t\t\t\t<div class=\"elementor-column elementor-col-100 elementor-top-column elementor-element elementor-element-6d13dfaa\" data-id=\"6d13dfaa\" data-element_type=\"column\" data-e-type=\"column\">\n\t\t\t<div class=\"elementor-widget-wrap elementor-element-populated\">\n\t\t\t\t\t\t<div class=\"elementor-element elementor-element-23666673 no-margin elementor-widget elementor-widget-heading\" data-id=\"23666673\" data-element_type=\"widget\" data-e-type=\"widget\" data-widget_type=\"heading.default\">\n\t\t\t\t\t<h2 class=\"elementor-heading-title elementor-size-default\">H\u00e4morrhoiden<\/h2>\t\t\t\t<\/div>\n\t\t\t\t<div class=\"elementor-element elementor-element-6bd929ea elementor-widget elementor-widget-spacer\" data-id=\"6bd929ea\" data-element_type=\"widget\" data-e-type=\"widget\" data-widget_type=\"spacer.default\">\n\t\t\t\t\t\t\t<div class=\"elementor-spacer\">\n\t\t\t<div class=\"elementor-spacer-inner\"><\/div>\n\t\t<\/div>\n\t\t\t\t\t\t<\/div>\n\t\t\t\t<div class=\"elementor-element elementor-element-5a6e3b3f elementor-widget elementor-widget-text-editor\" data-id=\"5a6e3b3f\" data-element_type=\"widget\" data-e-type=\"widget\" data-widget_type=\"text-editor.default\">\n\t\t\t\t\t\t\t\t\t<p>H\u00e4morrhoiden sind krankhaft vergr\u00f6\u00dferte Gef\u00e4\u00dfpolster am \u00dcbergang vom Mastdarm zum Afterkanal. Dabei handelt es sich um krampfader\u00e4hnliche oder knotenf\u00f6rmige Erweiterungen eines nat\u00fcrlichen Schwellk\u00f6rpers, der bei jedem Menschen vorhanden ist.<\/p><p>Werden diese Gef\u00e4\u00dfpolster vergr\u00f6\u00dfert oder entz\u00fcndet, k\u00f6nnen Beschwerden entstehen. Zu den h\u00e4ufigsten Symptomen eines H\u00e4morrhoidalleidens z\u00e4hlen:<\/p><ul><li>Juckreiz am After<\/li><li>Entz\u00fcndungen<\/li><li>Blutungen beim Stuhlgang<\/li><li>N\u00e4ssen oder Stuhlverschmutzung der Unterw\u00e4sche<\/li><\/ul>\t\t\t\t\t\t\t\t<\/div>\n\t\t\t\t\t<\/div>\n\t\t<\/div>\n\t\t\t\t\t<\/div>\n\t\t<\/section>\n\t\t\t\t<section class=\"elementor-section elementor-top-section elementor-element elementor-element-39aea392 elementor-section-full_width elementor-section-height-min-height elementor-section-height-default elementor-section-items-middle\" data-id=\"39aea392\" data-element_type=\"section\" data-e-type=\"section\" data-settings=\"{&quot;background_background&quot;:&quot;slideshow&quot;,&quot;background_slideshow_gallery&quot;:[{&quot;id&quot;:443,&quot;url&quot;:&quot;https:\\\/\\\/www.mathewpraxis.com\\\/wp-content\\\/uploads\\\/2021\\\/11\\\/AdobeStock_190749250-scaled.jpeg&quot;}],&quot;background_slideshow_loop&quot;:&quot;yes&quot;,&quot;background_slideshow_slide_duration&quot;:5000,&quot;background_slideshow_slide_transition&quot;:&quot;fade&quot;,&quot;background_slideshow_transition_duration&quot;:500}\">\n\t\t\t\t\t\t<div class=\"elementor-container elementor-column-gap-no\">\n\t\t\t\t\t<div class=\"elementor-column elementor-col-100 elementor-top-column elementor-element elementor-element-672f2aa9\" data-id=\"672f2aa9\" data-element_type=\"column\" data-e-type=\"column\">\n\t\t\t<div class=\"elementor-widget-wrap\">\n\t\t\t\t\t\t\t<\/div>\n\t\t<\/div>\n\t\t\t\t\t<\/div>\n\t\t<\/section>\n\t\t\t\t<section class=\"elementor-section elementor-top-section elementor-element elementor-element-6abd94af elementor-section-full_width elementor-section-content-middle elementor-reverse-tablet elementor-reverse-mobile elementor-section-height-default elementor-section-height-default\" data-id=\"6abd94af\" data-element_type=\"section\" data-e-type=\"section\" data-settings=\"{&quot;background_background&quot;:&quot;classic&quot;}\">\n\t\t\t\t\t\t<div class=\"elementor-container elementor-column-gap-no\">\n\t\t\t\t\t<div class=\"elementor-column elementor-col-50 elementor-top-column elementor-element elementor-element-750392fa\" data-id=\"750392fa\" data-element_type=\"column\" data-e-type=\"column\" data-settings=\"{&quot;background_background&quot;:&quot;classic&quot;}\">\n\t\t\t<div class=\"elementor-widget-wrap elementor-element-populated\">\n\t\t\t\t\t\t<div class=\"elementor-element elementor-element-2a45095c no-margin elementor-widget elementor-widget-heading\" data-id=\"2a45095c\" data-element_type=\"widget\" data-e-type=\"widget\" data-widget_type=\"heading.default\">\n\t\t\t\t\t<h2 class=\"elementor-heading-title elementor-size-default\">H\u00e4morrhoiden<\/h2>\t\t\t\t<\/div>\n\t\t\t\t<div class=\"elementor-element elementor-element-2fbd7e2b elementor-widget elementor-widget-spacer\" data-id=\"2fbd7e2b\" data-element_type=\"widget\" data-e-type=\"widget\" data-widget_type=\"spacer.default\">\n\t\t\t\t\t\t\t<div class=\"elementor-spacer\">\n\t\t\t<div class=\"elementor-spacer-inner\"><\/div>\n\t\t<\/div>\n\t\t\t\t\t\t<\/div>\n\t\t\t\t<div class=\"elementor-element elementor-element-4e78fd14 elementor-widget elementor-widget-text-editor\" data-id=\"4e78fd14\" data-element_type=\"widget\" data-e-type=\"widget\" data-widget_type=\"text-editor.default\">\n\t\t\t\t\t\t\t\t\t<p>H\u00e4morrhoiden sind krankhaft vergr\u00f6\u00dferte Schwellpolster (Krampfadern-\u00e4hnliche oder auch knotenf\u00f6rmige Schwellung bzw. Erweiterung eines Gef\u00e4\u00dfpolsters) am \u00dcbergang vom Mastdarm zum Afterkanal.<\/p><p>Sie sind aber die h\u00e4ufigste Ursache von Afterjucken, Entz\u00fcndungen, Blutungen oder Stuhlverschmutzung der W\u00e4sche. In diesem Fall spricht man von einem H\u00e4morrhoidal-Leiden.<\/p><p><strong>Symptome<\/strong><\/p><ul><li>Afterjucken<\/li><li>Entz\u00fcndungen<\/li><li>Blutungen<\/li><li>Stuhlverschmutzung der W\u00e4sche<\/li><\/ul><p>Zumeist lassen sich H\u00e4morrhoiden in den Anfangsstadien konservativ (<strong>Sklerosierung, Gummiband<\/strong>) behandeln. Wir bieten die Sklerosierung und Gummibandligatur an, die beide ohne Narkose ambulant und schmerzfrei durchgef\u00fchrt werden k\u00f6nnen.<\/p>\t\t\t\t\t\t\t\t<\/div>\n\t\t\t\t\t<\/div>\n\t\t<\/div>\n\t\t\t\t<div class=\"elementor-column elementor-col-50 elementor-top-column elementor-element elementor-element-4f3c3d3d\" data-id=\"4f3c3d3d\" data-element_type=\"column\" data-e-type=\"column\" data-settings=\"{&quot;background_background&quot;:&quot;classic&quot;}\">\n\t\t\t<div class=\"elementor-widget-wrap elementor-element-populated\">\n\t\t\t\t\t\t<div class=\"elementor-element elementor-element-1e506c22 elementor-widget elementor-widget-image\" data-id=\"1e506c22\" data-element_type=\"widget\" data-e-type=\"widget\" data-widget_type=\"image.default\">\n\t\t\t\t\t\t\t\t\t\t\t\t\t\t\t<img fetchpriority=\"high\" decoding=\"async\" width=\"214\" height=\"300\" src=\"https:\/\/www.mathewpraxis.com\/wp-content\/uploads\/2021\/12\/stephanie-harvey-f7PfM2NklZ4-unsplash-214x300.jpg\" class=\"attachment-medium size-medium wp-image-1057\" alt=\"\" srcset=\"https:\/\/www.mathewpraxis.com\/wp-content\/uploads\/2021\/12\/stephanie-harvey-f7PfM2NklZ4-unsplash-214x300.jpg 214w, https:\/\/www.mathewpraxis.com\/wp-content\/uploads\/2021\/12\/stephanie-harvey-f7PfM2NklZ4-unsplash-scaled-600x843.jpg 600w, https:\/\/www.mathewpraxis.com\/wp-content\/uploads\/2021\/12\/stephanie-harvey-f7PfM2NklZ4-unsplash-729x1024.jpg 729w, https:\/\/www.mathewpraxis.com\/wp-content\/uploads\/2021\/12\/stephanie-harvey-f7PfM2NklZ4-unsplash-768x1079.jpg 768w, https:\/\/www.mathewpraxis.com\/wp-content\/uploads\/2021\/12\/stephanie-harvey-f7PfM2NklZ4-unsplash-1094x1536.jpg 1094w, https:\/\/www.mathewpraxis.com\/wp-content\/uploads\/2021\/12\/stephanie-harvey-f7PfM2NklZ4-unsplash-1458x2048.jpg 1458w, https:\/\/www.mathewpraxis.com\/wp-content\/uploads\/2021\/12\/stephanie-harvey-f7PfM2NklZ4-unsplash-scaled.jpg 1367w\" sizes=\"(max-width: 214px) 100vw, 214px\" \/>\t\t\t\t\t\t\t\t\t\t\t\t\t\t\t<\/div>\n\t\t\t\t\t<\/div>\n\t\t<\/div>\n\t\t\t\t\t<\/div>\n\t\t<\/section>\n\t\t\t\t<section class=\"elementor-section elementor-top-section elementor-element elementor-element-567d66d0 elementor-section-full_width elementor-section-height-min-height elementor-section-height-default elementor-section-items-middle\" data-id=\"567d66d0\" data-element_type=\"section\" data-e-type=\"section\" data-settings=\"{&quot;background_background&quot;:&quot;slideshow&quot;,&quot;background_slideshow_gallery&quot;:[{&quot;id&quot;:443,&quot;url&quot;:&quot;https:\\\/\\\/www.mathewpraxis.com\\\/wp-content\\\/uploads\\\/2021\\\/11\\\/AdobeStock_190749250-scaled.jpeg&quot;}],&quot;background_slideshow_loop&quot;:&quot;yes&quot;,&quot;background_slideshow_slide_duration&quot;:5000,&quot;background_slideshow_slide_transition&quot;:&quot;fade&quot;,&quot;background_slideshow_transition_duration&quot;:500}\">\n\t\t\t\t\t\t<div class=\"elementor-container elementor-column-gap-no\">\n\t\t\t\t\t<div class=\"elementor-column elementor-col-100 elementor-top-column elementor-element elementor-element-b61312b\" data-id=\"b61312b\" data-element_type=\"column\" data-e-type=\"column\">\n\t\t\t<div class=\"elementor-widget-wrap\">\n\t\t\t\t\t\t\t<\/div>\n\t\t<\/div>\n\t\t\t\t\t<\/div>\n\t\t<\/section>\n\t\t\t\t<section class=\"elementor-section elementor-top-section elementor-element elementor-element-1321fa48 elementor-section-boxed elementor-section-height-default elementor-section-height-default\" data-id=\"1321fa48\" data-element_type=\"section\" data-e-type=\"section\">\n\t\t\t\t\t\t<div class=\"elementor-container elementor-column-gap-default\">\n\t\t\t\t\t<div class=\"elementor-column elementor-col-100 elementor-top-column elementor-element elementor-element-2ad8a7ac\" data-id=\"2ad8a7ac\" data-element_type=\"column\" data-e-type=\"column\">\n\t\t\t<div class=\"elementor-widget-wrap elementor-element-populated\">\n\t\t\t\t<div class=\"elementor-element elementor-element-df4b1c1 e-flex e-con-boxed e-con e-parent\" data-id=\"df4b1c1\" data-element_type=\"container\" data-e-type=\"container\">\n\t\t\t\t\t<div class=\"e-con-inner\">\n\t\t<div class=\"elementor-element elementor-element-9b39c4b e-con-full e-grid e-con e-child\" data-id=\"9b39c4b\" data-element_type=\"container\" data-e-type=\"container\">\n\t\t\t\t<div class=\"elementor-element elementor-element-dada574 elementor-widget elementor-widget-text-editor\" data-id=\"dada574\" data-element_type=\"widget\" data-e-type=\"widget\" data-widget_type=\"text-editor.default\">\n\t\t\t\t\t\t\t\t\t<h3>Behandlung von H\u00e4morrhoiden<\/h3><p>Die Therapie richtet sich nach dem Schweregrad der Erkrankung.<\/p>\t\t\t\t\t\t\t\t<\/div>\n\t\t\t\t<\/div>\n\t\t<div class=\"elementor-element elementor-element-3c6f311 e-con-full e-grid e-con e-child\" data-id=\"3c6f311\" data-element_type=\"container\" data-e-type=\"container\">\n\t\t\t\t<div class=\"elementor-element elementor-element-3e3ea04 elementor-widget elementor-widget-text-editor\" data-id=\"3e3ea04\" data-element_type=\"widget\" data-e-type=\"widget\" data-widget_type=\"text-editor.default\">\n\t\t\t\t\t\t\t\t\t<h3>Nichtoperative Behandlung<\/h3><p>H\u00e4morrhoiden 1. und 2. Grades werden in der Regel konservativ, also ohne Operation, behandelt. Bew\u00e4hrte Verfahren sind:<\/p><ul><li>Ver\u00f6dung von H\u00e4morrhoiden<\/li><li>Gummibandligatur von H\u00e4morrhoiden<\/li><\/ul><p>H\u00e4ufig ist eine mehrmalige Ver\u00f6dung oder das Abbinden der H\u00e4morrhoiden mit kleinen Gummiringen ausreichend, um die Beschwerden deutlich zu lindern oder vollst\u00e4ndig zu beseitigen.<\/p>\t\t\t\t\t\t\t\t<\/div>\n\t\t\t\t<div class=\"elementor-element elementor-element-1e988bb elementor-widget elementor-widget-text-editor\" data-id=\"1e988bb\" data-element_type=\"widget\" data-e-type=\"widget\" data-widget_type=\"text-editor.default\">\n\t\t\t\t\t\t\t\t\t<h3>Operative Behandlung<\/h3><p>Zeigen nichtoperative Ma\u00dfnahmen keinen ausreichenden Erfolg oder liegt ein fortgeschrittenes H\u00e4morrhoidalleiden (Grad 3 oder 4) vor, ist eine operative Behandlung notwendig.<\/p><p><strong>Schmerzarme, minimal-invasive H\u00e4morrhoiden-Operationen<\/strong><\/p><p>Moderne Operationsverfahren erm\u00f6glichen eine schonende Behandlung mit geringeren Schmerzen und schnellerer Erholung:<\/p><ul><li>HAL-RAR-Operation<\/li><li>Laser-H\u00e4morrhoiden-Operation (LHP)<\/li><\/ul>\t\t\t\t\t\t\t\t<\/div>\n\t\t\t\t<\/div>\n\t\t<div class=\"elementor-element elementor-element-9ce2439 e-con-full e-grid e-con e-child\" data-id=\"9ce2439\" data-element_type=\"container\" data-e-type=\"container\">\n\t\t\t\t<div class=\"elementor-element elementor-element-da23375 elementor-widget elementor-widget-text-editor\" data-id=\"da23375\" data-element_type=\"widget\" data-e-type=\"widget\" data-widget_type=\"text-editor.default\">\n\t\t\t\t\t\t\t\t\t<p>Beide Methoden bieten gegen\u00fcber klassischen Operationstechniken deutliche Vorteile, insbesondere weniger postoperative Schmerzen, schnellere Wiederherstellung der Arbeitsf\u00e4higkeit und eine schonende Behandlung des Gewebes.<\/p>\t\t\t\t\t\t\t\t<\/div>\n\t\t\t\t<\/div>\n\t\t\t\t\t<\/div>\n\t\t\t\t<\/div>\n\t\t\t\t\t<\/div>\n\t\t<\/div>\n\t\t\t\t\t<\/div>\n\t\t<\/section>\n\t\t\t\t<\/div>\n\t\t","protected":false},"excerpt":{"rendered":"<p>H\u00e4morrhoiden H\u00e4morrhoiden H\u00e4morrhoiden sind krankhaft vergr\u00f6\u00dferte Gef\u00e4\u00dfpolster am \u00dcbergang vom Mastdarm zum Afterkanal. Dabei handelt es sich um krampfader\u00e4hnliche oder knotenf\u00f6rmige Erweiterungen eines nat\u00fcrlichen Schwellk\u00f6rpers, der bei jedem Menschen vorhanden ist. Werden diese Gef\u00e4\u00dfpolster vergr\u00f6\u00dfert oder entz\u00fcndet, k\u00f6nnen Beschwerden entstehen. Zu den h\u00e4ufigsten Symptomen eines H\u00e4morrhoidalleidens z\u00e4hlen: Juckreiz am After Entz\u00fcndungen Blutungen beim Stuhlgang N\u00e4ssen [&hellip;]<\/p>\n","protected":false},"author":29,"featured_media":0,"parent":0,"menu_order":0,"comment_status":"closed","ping_status":"closed","template":"elementor_theme","meta":{"ocean_post_layout":"","ocean_both_sidebars_style":"","ocean_both_sidebars_content_width":0,"ocean_both_sidebars_sidebars_width":0,"ocean_sidebar":"","ocean_second_sidebar":"","ocean_disable_margins":"enable","ocean_add_body_class":"","ocean_shortcode_before_top_bar":"","ocean_shortcode_after_top_bar":"","ocean_shortcode_before_header":"","ocean_shortcode_after_header":"","ocean_has_shortcode":"","ocean_shortcode_after_title":"","ocean_shortcode_before_footer_widgets":"","ocean_shortcode_after_footer_widgets":"","ocean_shortcode_before_footer_bottom":"","ocean_shortcode_after_footer_bottom":"","ocean_display_top_bar":"default","ocean_display_header":"default","ocean_header_style":"","ocean_center_header_left_menu":"","ocean_custom_header_template":"","ocean_custom_logo":0,"ocean_custom_retina_logo":0,"ocean_custom_logo_max_width":0,"ocean_custom_logo_tablet_max_width":0,"ocean_custom_logo_mobile_max_width":0,"ocean_custom_logo_max_height":0,"ocean_custom_logo_tablet_max_height":0,"ocean_custom_logo_mobile_max_height":0,"ocean_header_custom_menu":"","ocean_menu_typo_font_family":"","ocean_menu_typo_font_subset":"","ocean_menu_typo_font_size":0,"ocean_menu_typo_font_size_tablet":0,"ocean_menu_typo_font_size_mobile":0,"ocean_menu_typo_font_size_unit":"px","ocean_menu_typo_font_weight":"","ocean_menu_typo_font_weight_tablet":"","ocean_menu_typo_font_weight_mobile":"","ocean_menu_typo_transform":"","ocean_menu_typo_transform_tablet":"","ocean_menu_typo_transform_mobile":"","ocean_menu_typo_line_height":0,"ocean_menu_typo_line_height_tablet":0,"ocean_menu_typo_line_height_mobile":0,"ocean_menu_typo_line_height_unit":"","ocean_menu_typo_spacing":0,"ocean_menu_typo_spacing_tablet":0,"ocean_menu_typo_spacing_mobile":0,"ocean_menu_typo_spacing_unit":"","ocean_menu_link_color":"","ocean_menu_link_color_hover":"","ocean_menu_link_color_active":"","ocean_menu_link_background":"","ocean_menu_link_hover_background":"","ocean_menu_link_active_background":"","ocean_menu_social_links_bg":"","ocean_menu_social_hover_links_bg":"","ocean_menu_social_links_color":"","ocean_menu_social_hover_links_color":"","ocean_disable_title":"default","ocean_disable_heading":"default","ocean_post_title":"","ocean_post_subheading":"","ocean_post_title_style":"","ocean_post_title_background_color":"","ocean_post_title_background":0,"ocean_post_title_bg_image_position":"","ocean_post_title_bg_image_attachment":"","ocean_post_title_bg_image_repeat":"","ocean_post_title_bg_image_size":"","ocean_post_title_height":0,"ocean_post_title_bg_overlay":0.5,"ocean_post_title_bg_overlay_color":"","ocean_disable_breadcrumbs":"default","ocean_breadcrumbs_color":"","ocean_breadcrumbs_separator_color":"","ocean_breadcrumbs_links_color":"","ocean_breadcrumbs_links_hover_color":"","ocean_display_footer_widgets":"default","ocean_display_footer_bottom":"default","ocean_custom_footer_template":"","footnotes":""},"class_list":["post-3024","page","type-page","status-publish","hentry","entry"],"_links":{"self":[{"href":"https:\/\/www.mathewpraxis.com\/en\/wp-json\/wp\/v2\/pages\/3024","targetHints":{"allow":["GET"]}}],"collection":[{"href":"https:\/\/www.mathewpraxis.com\/en\/wp-json\/wp\/v2\/pages"}],"about":[{"href":"https:\/\/www.mathewpraxis.com\/en\/wp-json\/wp\/v2\/types\/page"}],"author":[{"embeddable":true,"href":"https:\/\/www.mathewpraxis.com\/en\/wp-json\/wp\/v2\/users\/29"}],"replies":[{"embeddable":true,"href":"https:\/\/www.mathewpraxis.com\/en\/wp-json\/wp\/v2\/comments?post=3024"}],"version-history":[{"count":28,"href":"https:\/\/www.mathewpraxis.com\/en\/wp-json\/wp\/v2\/pages\/3024\/revisions"}],"predecessor-version":[{"id":3087,"href":"https:\/\/www.mathewpraxis.com\/en\/wp-json\/wp\/v2\/pages\/3024\/revisions\/3087"}],"wp:attachment":[{"href":"https:\/\/www.mathewpraxis.com\/en\/wp-json\/wp\/v2\/media?parent=3024"}],"curies":[{"name":"wp","href":"https:\/\/api.w.org\/{rel}","templated":true}]}}