{"id":2296,"date":"2025-04-07T15:18:18","date_gmt":"2025-04-07T13:18:18","guid":{"rendered":"https:\/\/www.mathewpraxis.com\/?page_id=2296"},"modified":"2025-04-13T16:37:26","modified_gmt":"2025-04-13T14:37:26","slug":"venenbehandlung","status":"publish","type":"page","link":"https:\/\/www.mathewpraxis.com\/en\/venenbehandlung\/","title":{"rendered":"Vein practice"},"content":{"rendered":"<div data-elementor-type=\"wp-page\" data-elementor-id=\"2296\" class=\"elementor elementor-2296\" data-elementor-post-type=\"page\">\n\t\t\t\t\t\t<section class=\"elementor-section elementor-top-section elementor-element elementor-element-4e50a2b elementor-section-full_width elementor-section-height-default elementor-section-height-default\" data-id=\"4e50a2b\" data-element_type=\"section\" data-e-type=\"section\" data-settings=\"{&quot;background_background&quot;:&quot;classic&quot;}\">\n\t\t\t\t\t\t<div class=\"elementor-container elementor-column-gap-default\">\n\t\t\t\t\t<div class=\"elementor-column elementor-col-100 elementor-top-column elementor-element elementor-element-e56b624\" data-id=\"e56b624\" data-element_type=\"column\" data-e-type=\"column\" data-settings=\"{&quot;background_background&quot;:&quot;classic&quot;}\">\n\t\t\t<div class=\"elementor-widget-wrap elementor-element-populated\">\n\t\t\t\t\t\t<div class=\"elementor-element elementor-element-d8429b8 elementor-widget elementor-widget-spacer\" data-id=\"d8429b8\" data-element_type=\"widget\" data-e-type=\"widget\" data-widget_type=\"spacer.default\">\n\t\t\t\t\t\t\t<div class=\"elementor-spacer\">\n\t\t\t<div class=\"elementor-spacer-inner\"><\/div>\n\t\t<\/div>\n\t\t\t\t\t\t<\/div>\n\t\t\t\t<div class=\"elementor-element elementor-element-e50f085 elementor-widget elementor-widget-heading\" data-id=\"e50f085\" data-element_type=\"widget\" data-e-type=\"widget\" data-widget_type=\"heading.default\">\n\t\t\t\t\t<h2 class=\"elementor-heading-title elementor-size-default\">Diagnosis and Treatment<\/h2>\t\t\t\t<\/div>\n\t\t\t\t<div class=\"elementor-element elementor-element-2f57b86 elementor-widget elementor-widget-spacer\" data-id=\"2f57b86\" data-element_type=\"widget\" data-e-type=\"widget\" data-widget_type=\"spacer.default\">\n\t\t\t\t\t\t\t<div class=\"elementor-spacer\">\n\t\t\t<div class=\"elementor-spacer-inner\"><\/div>\n\t\t<\/div>\n\t\t\t\t\t\t<\/div>\n\t\t\t\t\t<\/div>\n\t\t<\/div>\n\t\t\t\t\t<\/div>\n\t\t<\/section>\n\t\t\t\t<section class=\"elementor-section elementor-top-section elementor-element elementor-element-6b06dcc elementor-section-boxed elementor-section-height-default elementor-section-height-default\" data-id=\"6b06dcc\" data-element_type=\"section\" data-e-type=\"section\">\n\t\t\t\t\t\t<div class=\"elementor-container elementor-column-gap-default\">\n\t\t\t\t\t<div class=\"elementor-column elementor-col-50 elementor-top-column elementor-element elementor-element-72cdc46\" data-id=\"72cdc46\" data-element_type=\"column\" data-e-type=\"column\">\n\t\t\t<div class=\"elementor-widget-wrap elementor-element-populated\">\n\t\t\t\t\t\t<div class=\"elementor-element elementor-element-abbe91d elementor-widget elementor-widget-image\" data-id=\"abbe91d\" data-element_type=\"widget\" data-e-type=\"widget\" data-widget_type=\"image.default\">\n\t\t\t\t\t\t\t\t\t\t\t\t\t\t\t<img fetchpriority=\"high\" decoding=\"async\" width=\"1920\" height=\"1277\" src=\"https:\/\/www.mathewpraxis.com\/wp-content\/uploads\/2025\/04\/DSC_6393.jpg\" class=\"attachment-full size-full wp-image-2209\" alt=\"\" srcset=\"https:\/\/www.mathewpraxis.com\/wp-content\/uploads\/2025\/04\/DSC_6393.jpg 1920w, https:\/\/www.mathewpraxis.com\/wp-content\/uploads\/2025\/04\/DSC_6393-300x200.jpg 300w, https:\/\/www.mathewpraxis.com\/wp-content\/uploads\/2025\/04\/DSC_6393-1024x681.jpg 1024w, https:\/\/www.mathewpraxis.com\/wp-content\/uploads\/2025\/04\/DSC_6393-768x511.jpg 768w, https:\/\/www.mathewpraxis.com\/wp-content\/uploads\/2025\/04\/DSC_6393-1536x1022.jpg 1536w, https:\/\/www.mathewpraxis.com\/wp-content\/uploads\/2025\/04\/DSC_6393-18x12.jpg 18w\" sizes=\"(max-width: 1920px) 100vw, 1920px\" \/>\t\t\t\t\t\t\t\t\t\t\t\t\t\t\t<\/div>\n\t\t\t\t<div class=\"elementor-element elementor-element-6ff54e2 elementor-widget__width-initial elementor-widget elementor-widget-text-editor\" data-id=\"6ff54e2\" data-element_type=\"widget\" data-e-type=\"widget\" data-widget_type=\"text-editor.default\">\n\t\t\t\t\t\t\t\t\t<p style=\"font-variant-ligatures: normal; font-variant-caps: normal; font-family: 'Comic Neue', sans-serif; font-size: 16px; font-style: normal; font-weight: 400;\"><span style=\"font-size: 16px; font-weight: 600;\">Symptoms<\/span><\/p><ul style=\"font-variant-ligatures: normal; font-variant-caps: normal; font-family: 'Comic Neue', sans-serif; font-size: 16px; font-style: normal; font-weight: 400;\"><li style=\"font-size: 16px;\">Heavy and tired legs<\/li><li style=\"font-size: 16px;\">Swelling<\/li><li style=\"font-size: 16px;\">Pain, nighttime cramps<\/li><li style=\"font-size: 16px;\">Itching, tingling<\/li><li style=\"font-size: 16px;\">Externally visible veins on the leg<\/li><li style=\"font-size: 16px;\">Open ulcers on the leg<\/li><\/ul><p style=\"font-variant-ligatures: normal; font-variant-caps: normal; font-family: 'Comic Neue', sans-serif; font-size: 16px; font-style: normal; font-weight: 400;\"><span style=\"font-size: 16px; font-weight: 600;\">Wenn Sie diese Beschwerden haben, ist eine \u00e4rztliche Venenuntersuchung anzuraten. Je nach Befund, k\u00f6nnen wir aus einem umfangreichen Spektrum an individuellen Behandlungsmethoden ausw\u00e4hlen<\/span><\/p>\t\t\t\t\t\t\t\t<\/div>\n\t\t\t\t\t<\/div>\n\t\t<\/div>\n\t\t\t\t<div class=\"elementor-column elementor-col-50 elementor-top-column elementor-element elementor-element-5419c49\" data-id=\"5419c49\" data-element_type=\"column\" data-e-type=\"column\">\n\t\t\t<div class=\"elementor-widget-wrap elementor-element-populated\">\n\t\t\t\t\t\t<div class=\"elementor-element elementor-element-a689a97 elementor-widget elementor-widget-heading\" data-id=\"a689a97\" data-element_type=\"widget\" data-e-type=\"widget\" data-widget_type=\"heading.default\">\n\t\t\t\t\t<h2 class=\"elementor-heading-title elementor-size-default\">Beautiful Legs Are Also Healthy Legs<\/h2>\t\t\t\t<\/div>\n\t\t\t\t<div class=\"elementor-element elementor-element-47d8575 elementor-widget elementor-widget-text-editor\" data-id=\"47d8575\" data-element_type=\"widget\" data-e-type=\"widget\" data-widget_type=\"text-editor.default\">\n\t\t\t\t\t\t\t\t\t<p>Veins have to work against gravity. This can be quite strenuous\u2014especially when the venous valves no longer close properly. In such cases, the veins are under great pressure and struggle to transport used blood back to the heart. Healthy veins play an important role in the overall health of our body.<\/p><p>Varicose veins are usually caused by connective tissue weakness. Spider veins are often the first sign of venous insufficiency.<\/p><p><strong><u>Risk factors for varicose veins:<\/u><\/strong><\/p><p>Varicose veins are usually caused by connective tissue weakness. Spider veins are often the first sign of venous insufficiency.<\/p>\t\t\t\t\t\t\t\t<\/div>\n\t\t\t\t\t<\/div>\n\t\t<\/div>\n\t\t\t\t\t<\/div>\n\t\t<\/section>\n\t\t\t\t<\/div>","protected":false},"excerpt":{"rendered":"<p>\u00c4rztliche Diagnostik und Behandlung Symptome Schwere und m\u00fcde Beine Schwellungen Schmerzen, n\u00e4chtliche Kr\u00e4mpfe Jucken, Kribbeln \u00c4u\u00dferlich sichtbare Venenzeichnungen am Bein Offene Stellen am Bein Wenn Sie diese Beschwerden haben, ist eine \u00e4rztliche Venenuntersuchung anzuraten. Je nach Befund, k\u00f6nnen wir aus einem umfangreichen Spektrum an individuellen Behandlungsmethoden ausw\u00e4hlen Sch\u00f6ne Beine sind auch gesunde Beine Venen m\u00fcssen [&hellip;]<\/p>\n","protected":false},"author":1,"featured_media":0,"parent":0,"menu_order":0,"comment_status":"closed","ping_status":"closed","template":"","meta":{"ocean_post_layout":"","ocean_both_sidebars_style":"","ocean_both_sidebars_content_width":0,"ocean_both_sidebars_sidebars_width":0,"ocean_sidebar":"","ocean_second_sidebar":"","ocean_disable_margins":"enable","ocean_add_body_class":"","ocean_shortcode_before_top_bar":"","ocean_shortcode_after_top_bar":"","ocean_shortcode_before_header":"","ocean_shortcode_after_header":"","ocean_has_shortcode":"","ocean_shortcode_after_title":"","ocean_shortcode_before_footer_widgets":"","ocean_shortcode_after_footer_widgets":"","ocean_shortcode_before_footer_bottom":"","ocean_shortcode_after_footer_bottom":"","ocean_display_top_bar":"default","ocean_display_header":"default","ocean_header_style":"","ocean_center_header_left_menu":"","ocean_custom_header_template":"","ocean_custom_logo":0,"ocean_custom_retina_logo":0,"ocean_custom_logo_max_width":0,"ocean_custom_logo_tablet_max_width":0,"ocean_custom_logo_mobile_max_width":0,"ocean_custom_logo_max_height":0,"ocean_custom_logo_tablet_max_height":0,"ocean_custom_logo_mobile_max_height":0,"ocean_header_custom_menu":"","ocean_menu_typo_font_family":"","ocean_menu_typo_font_subset":"","ocean_menu_typo_font_size":0,"ocean_menu_typo_font_size_tablet":0,"ocean_menu_typo_font_size_mobile":0,"ocean_menu_typo_font_size_unit":"px","ocean_menu_typo_font_weight":"","ocean_menu_typo_font_weight_tablet":"","ocean_menu_typo_font_weight_mobile":"","ocean_menu_typo_transform":"","ocean_menu_typo_transform_tablet":"","ocean_menu_typo_transform_mobile":"","ocean_menu_typo_line_height":0,"ocean_menu_typo_line_height_tablet":0,"ocean_menu_typo_line_height_mobile":0,"ocean_menu_typo_line_height_unit":"","ocean_menu_typo_spacing":0,"ocean_menu_typo_spacing_tablet":0,"ocean_menu_typo_spacing_mobile":0,"ocean_menu_typo_spacing_unit":"","ocean_menu_link_color":"","ocean_menu_link_color_hover":"","ocean_menu_link_color_active":"","ocean_menu_link_background":"","ocean_menu_link_hover_background":"","ocean_menu_link_active_background":"","ocean_menu_social_links_bg":"","ocean_menu_social_hover_links_bg":"","ocean_menu_social_links_color":"","ocean_menu_social_hover_links_color":"","ocean_disable_title":"default","ocean_disable_heading":"default","ocean_post_title":"","ocean_post_subheading":"","ocean_post_title_style":"","ocean_post_title_background_color":"","ocean_post_title_background":0,"ocean_post_title_bg_image_position":"","ocean_post_title_bg_image_attachment":"","ocean_post_title_bg_image_repeat":"","ocean_post_title_bg_image_size":"","ocean_post_title_height":0,"ocean_post_title_bg_overlay":0.5,"ocean_post_title_bg_overlay_color":"","ocean_disable_breadcrumbs":"default","ocean_breadcrumbs_color":"","ocean_breadcrumbs_separator_color":"","ocean_breadcrumbs_links_color":"","ocean_breadcrumbs_links_hover_color":"","ocean_display_footer_widgets":"default","ocean_display_footer_bottom":"default","ocean_custom_footer_template":"","footnotes":""},"class_list":["post-2296","page","type-page","status-publish","hentry","entry"],"_links":{"self":[{"href":"https:\/\/www.mathewpraxis.com\/en\/wp-json\/wp\/v2\/pages\/2296","targetHints":{"allow":["GET"]}}],"collection":[{"href":"https:\/\/www.mathewpraxis.com\/en\/wp-json\/wp\/v2\/pages"}],"about":[{"href":"https:\/\/www.mathewpraxis.com\/en\/wp-json\/wp\/v2\/types\/page"}],"author":[{"embeddable":true,"href":"https:\/\/www.mathewpraxis.com\/en\/wp-json\/wp\/v2\/users\/1"}],"replies":[{"embeddable":true,"href":"https:\/\/www.mathewpraxis.com\/en\/wp-json\/wp\/v2\/comments?post=2296"}],"version-history":[{"count":31,"href":"https:\/\/www.mathewpraxis.com\/en\/wp-json\/wp\/v2\/pages\/2296\/revisions"}],"predecessor-version":[{"id":2397,"href":"https:\/\/www.mathewpraxis.com\/en\/wp-json\/wp\/v2\/pages\/2296\/revisions\/2397"}],"wp:attachment":[{"href":"https:\/\/www.mathewpraxis.com\/en\/wp-json\/wp\/v2\/media?parent=2296"}],"curies":[{"name":"wp","href":"https:\/\/api.w.org\/{rel}","templated":true}]}}